{"id":20,"date":"2022-07-17T08:56:02","date_gmt":"2022-07-17T08:56:02","guid":{"rendered":"http:\/\/sinaras.lt\/?page_id=20"},"modified":"2023-01-27T13:54:03","modified_gmt":"2023-01-27T13:54:03","slug":"about-us","status":"publish","type":"page","link":"https:\/\/sinaras.lt\/?page_id=20","title":{"rendered":"Apie Mus"},"content":{"rendered":"\t\t<div data-elementor-type=\"wp-page\" data-elementor-id=\"20\" class=\"elementor elementor-20\">\n\t\t\t\t\t\t\t\t\t<section class=\"elementor-section elementor-top-section elementor-element elementor-element-61a5f05 elementor-section-boxed elementor-section-height-default elementor-section-height-default\" data-id=\"61a5f05\" data-element_type=\"section\" data-settings=\"{&quot;background_background&quot;:&quot;classic&quot;}\">\n\t\t\t\t\t\t\t<div class=\"elementor-background-overlay\"><\/div>\n\t\t\t\t\t\t\t<div class=\"elementor-container elementor-column-gap-no\">\n\t\t\t\t\t<div class=\"elementor-column elementor-col-100 elementor-top-column elementor-element elementor-element-fc3dbda\" data-id=\"fc3dbda\" data-element_type=\"column\">\n\t\t\t<div class=\"elementor-widget-wrap elementor-element-populated\">\n\t\t\t\t\t\t\t\t<div class=\"elementor-element elementor-element-ce7f049 elementor-widget elementor-widget-heading\" data-id=\"ce7f049\" data-element_type=\"widget\" data-widget_type=\"heading.default\">\n\t\t\t\t<div class=\"elementor-widget-container\">\n\t\t\t<style>\/*! elementor - v3.8.1 - 13-11-2022 *\/\n.elementor-heading-title{padding:0;margin:0;line-height:1}.elementor-widget-heading .elementor-heading-title[class*=elementor-size-]>a{color:inherit;font-size:inherit;line-height:inherit}.elementor-widget-heading .elementor-heading-title.elementor-size-small{font-size:15px}.elementor-widget-heading .elementor-heading-title.elementor-size-medium{font-size:19px}.elementor-widget-heading .elementor-heading-title.elementor-size-large{font-size:29px}.elementor-widget-heading .elementor-heading-title.elementor-size-xl{font-size:39px}.elementor-widget-heading .elementor-heading-title.elementor-size-xxl{font-size:59px}<\/style><h1 class=\"elementor-heading-title elementor-size-default\">Apie Mus<\/h1>\t\t<\/div>\n\t\t\t\t<\/div>\n\t\t\t\t\t<\/div>\n\t\t<\/div>\n\t\t\t\t\t\t\t<\/div>\n\t\t<\/section>\n\t\t\t\t<section class=\"elementor-section elementor-top-section elementor-element elementor-element-cf61779 elementor-section-boxed elementor-section-height-default elementor-section-height-default\" data-id=\"cf61779\" data-element_type=\"section\">\n\t\t\t\t\t\t<div class=\"elementor-container elementor-column-gap-default\">\n\t\t\t\t\t<div class=\"elementor-column elementor-col-100 elementor-top-column elementor-element elementor-element-8b32570\" data-id=\"8b32570\" data-element_type=\"column\">\n\t\t\t<div class=\"elementor-widget-wrap elementor-element-populated\">\n\t\t\t\t\t\t\t\t<div class=\"elementor-element elementor-element-11351e2 elementor-widget elementor-widget-text-editor\" data-id=\"11351e2\" data-element_type=\"widget\" data-widget_type=\"text-editor.default\">\n\t\t\t\t<div class=\"elementor-widget-container\">\n\t\t\t<style>\/*! elementor - v3.8.1 - 13-11-2022 *\/\n.elementor-widget-text-editor.elementor-drop-cap-view-stacked .elementor-drop-cap{background-color:#818a91;color:#fff}.elementor-widget-text-editor.elementor-drop-cap-view-framed .elementor-drop-cap{color:#818a91;border:3px solid;background-color:transparent}.elementor-widget-text-editor:not(.elementor-drop-cap-view-default) .elementor-drop-cap{margin-top:8px}.elementor-widget-text-editor:not(.elementor-drop-cap-view-default) .elementor-drop-cap-letter{width:1em;height:1em}.elementor-widget-text-editor .elementor-drop-cap{float:left;text-align:center;line-height:1;font-size:50px}.elementor-widget-text-editor .elementor-drop-cap-letter{display:inline-block}<\/style>\t\t\t\t<p>UAB SINARAS \u2013 tai 17 met\u0173 keleivi\u0173 perve\u017eimo sektoriuje dirbanti \u012fmon\u0117, turinti puik\u0173 autopark\u0105 bei profesionali\u0105 vairuotoj\u0173 komand\u0105, kuri saugiai nugabens Jus reikiamu mar\u0161rutu Lietuvoje ar u\u017esienyje.<\/p><p>\u012emon\u0117ms si\u016blome vienkartinius u\u017esakomuosius reisus bei sudarome ilgalaikes keleivi\u0173 perve\u017eimo sutartis, taipogi visada laukiami ir pavieniai privat\u016bs u\u017esakovai, kuriems reikalingi autobusai ar mikroautobusai \u0161eimos \u0161vent\u0117ms ar kelion\u0117ms.<\/p><p>Tur\u0117dami \u012fvairaus dyd\u017eio autobus\u0173 bei mikroautobus\u0173 park\u0105, galime perve\u017eti \u012fvairaus dyd\u017eio \u017emoni\u0173 grupes Lietuvoje ir u\u017esienyje.<\/p><p>Ilgesn\u0117ms kelion\u0117ms si\u016blome konfortabilius NEOPLAN autobusus su WC, \u0161aldytuvu, audio-video sistemomis, kondicionieriumi.<\/p><p>Ma\u017eesn\u0117ms grup\u0117ms pasi\u016blysime patogius ir puikius MERSEDES BENZ ar VOKLSWAGEN CARAVELLE mikroautobusus su vairuotoju.<\/p><p>Laukiame J\u016bs\u0173 u\u017esakym\u0173 ir pa\u017eadame, kad va\u017eiuodami su SINARU visada savo kelion\u0117s tiksl\u0105 pasieksite saugiai ir numatytu laiku.<\/p><p>Visada rasime Jums tinkam\u0105 sprendim\u0105.<\/p>\t\t\t\t\t\t<\/div>\n\t\t\t\t<\/div>\n\t\t\t\t\t<\/div>\n\t\t<\/div>\n\t\t\t\t\t\t\t<\/div>\n\t\t<\/section>\n\t\t\t\t\t\t\t<\/div>\n\t\t","protected":false},"excerpt":{"rendered":"<p>Apie Mus UAB SINARAS \u2013 tai 17 met\u0173 keleivi\u0173 perve\u017eimo sektoriuje dirbanti \u012fmon\u0117, turinti puik\u0173 autopark\u0105 bei profesionali\u0105 vairuotoj\u0173 komand\u0105, kuri saugiai nugabens Jus reikiamu mar\u0161rutu Lietuvoje ar u\u017esienyje. \u012emon\u0117ms si\u016blome vienkartinius u\u017esakomuosius reisus bei sudarome ilgalaikes keleivi\u0173 perve\u017eimo sutartis, taipogi visada laukiami ir pavieniai privat\u016bs u\u017esakovai, kuriems reikalingi autobusai ar mikroautobusai \u0161eimos \u0161vent\u0117ms ar &hellip;<\/p>\n<p class=\"read-more\"> <a class=\"\" href=\"https:\/\/sinaras.lt\/?page_id=20\"> <span class=\"screen-reader-text\">Apie Mus<\/span> Read More &raquo;<\/a><\/p>\n","protected":false},"author":1,"featured_media":0,"parent":0,"menu_order":0,"comment_status":"closed","ping_status":"closed","template":"","meta":{"om_disable_all_campaigns":false,"site-sidebar-layout":"no-sidebar","site-content-layout":"page-builder","ast-global-header-display":"","ast-main-header-display":"","ast-hfb-above-header-display":"","ast-hfb-below-header-display":"","ast-hfb-mobile-header-display":"","site-post-title":"disabled","ast-breadcrumbs-content":"disabled","ast-featured-img":"disabled","footer-sml-layout":"","theme-transparent-header-meta":"enabled","adv-header-id-meta":"","stick-header-meta":"","header-above-stick-meta":"","header-main-stick-meta":"","header-below-stick-meta":"","footnotes":""},"class_list":["post-20","page","type-page","status-publish","hentry"],"aioseo_notices":[],"_links":{"self":[{"href":"https:\/\/sinaras.lt\/index.php?rest_route=\/wp\/v2\/pages\/20","targetHints":{"allow":["GET"]}}],"collection":[{"href":"https:\/\/sinaras.lt\/index.php?rest_route=\/wp\/v2\/pages"}],"about":[{"href":"https:\/\/sinaras.lt\/index.php?rest_route=\/wp\/v2\/types\/page"}],"author":[{"embeddable":true,"href":"https:\/\/sinaras.lt\/index.php?rest_route=\/wp\/v2\/users\/1"}],"replies":[{"embeddable":true,"href":"https:\/\/sinaras.lt\/index.php?rest_route=%2Fwp%2Fv2%2Fcomments&post=20"}],"version-history":[{"count":17,"href":"https:\/\/sinaras.lt\/index.php?rest_route=\/wp\/v2\/pages\/20\/revisions"}],"predecessor-version":[{"id":10219,"href":"https:\/\/sinaras.lt\/index.php?rest_route=\/wp\/v2\/pages\/20\/revisions\/10219"}],"wp:attachment":[{"href":"https:\/\/sinaras.lt\/index.php?rest_route=%2Fwp%2Fv2%2Fmedia&parent=20"}],"curies":[{"name":"wp","href":"https:\/\/api.w.org\/{rel}","templated":true}]}}