{"id":10197,"date":"2022-11-24T07:45:59","date_gmt":"2022-11-24T07:45:59","guid":{"rendered":"https:\/\/sinaras.lt\/?page_id=10197"},"modified":"2022-11-24T07:55:08","modified_gmt":"2022-11-24T07:55:08","slug":"naujienos","status":"publish","type":"page","link":"https:\/\/sinaras.lt\/?page_id=10197","title":{"rendered":"Naujienos"},"content":{"rendered":"\t\t<div data-elementor-type=\"wp-page\" data-elementor-id=\"10197\" class=\"elementor elementor-10197\">\n\t\t\t\t\t\t\t\t\t<section class=\"elementor-section elementor-top-section elementor-element elementor-element-e2c9d7f elementor-section-boxed elementor-section-height-default elementor-section-height-default\" data-id=\"e2c9d7f\" data-element_type=\"section\">\n\t\t\t\t\t\t<div class=\"elementor-container elementor-column-gap-default\">\n\t\t\t\t\t<div class=\"elementor-column elementor-col-100 elementor-top-column elementor-element elementor-element-ed3985a\" data-id=\"ed3985a\" data-element_type=\"column\">\n\t\t\t<div class=\"elementor-widget-wrap elementor-element-populated\">\n\t\t\t\t\t\t\t\t<div class=\"elementor-element elementor-element-130436a elementor-widget elementor-widget-elementskit-blog-posts\" data-id=\"130436a\" data-element_type=\"widget\" data-widget_type=\"elementskit-blog-posts.default\">\n\t\t\t\t<div class=\"elementor-widget-container\">\n\t\t\t<div class=\"ekit-wid-con\" >        <div id=\"post-items--130436a\" class=\"row post-items\">\n                    <div class=\"col-md-12\">\n\n                                    <div class=\"elementskit-blog-block-post\">\n                        <div class=\"row no-gutters\">\n                                                            <div class=\"col-md-6 order-1\">\n                                    <a href=\"https:\/\/sinaras.lt\/?p=10193\" class=\"elementskit-entry-thumb\">\n                                        <img decoding=\"async\" src=\"https:\/\/sinaras.lt\/wp-content\/uploads\/2022\/11\/img1102897.jpg\" alt=\"Neoplan v\u0117l nustelbia konkurentus\">\n                                    <\/a><!-- .elementskit-entry-thumb END -->\n                                <\/div>\n                            \n                            <div class=\"col-md-6 order-2\">\n                                <div class=\"elementskit-post-body \">\n                                    <div class=\"elementskit-entry-header\">\n                                        \n                                                                                            \t\t\t\t\t                                            \n                                            \n                                                                                            \t\t\t\t<h2 class=\"entry-title\">\n\t\t\t\t\t<a href=\"https:\/\/sinaras.lt\/?p=10193\">\n\t\t\t\t\t\tNeoplan v\u0117l nustelbia konkurentus\t\t\t\t\t<\/a>\n\t\t\t\t<\/h2>\n\t\t\t                                                                                <\/div><!-- .elementskit-entry-header END -->\n\n                                                                            <div class=\"elementskit-post-footer\">\n                                                                                            <p>Vokietijos gamintoj\u0173 &#8220;Neoplan Cityliner Platin&#8221; \u2013 geriausias 2022 m. autobusas. Taip nusprend\u0117 tarptautin\u0117 22 ekspert\u0173 komisija. \u0160ie rinkimai rengiami nuo 1990-\u0173j\u0173. &#8220;Neoplan Cityliner Platin&#8221; pakartojo savo pirmtak\u0173 s\u0117km\u0119: pat\u012f pirm\u0105 konkurs\u0105 laim\u0117jo &#8220;Neoplan Metroliner&#8221;, 1995-aisiais \u2013 &#8220;Neoplan Metroshuttle N 4114&#8221;, 2000-aisiais \u2013 &#8220;Neoplan N 516\/3 SHDL Starliner&#8221;, o 2006-aisiais \u2013 &#8220;Neoplan N 5218 SHDL Starliner &hellip;<\/p>\n<p class=\"read-more\"> <a class=\"\" href=\"https:\/\/sinaras.lt\/?p=10193\"> <span class=\"screen-reader-text\">Neoplan v\u0117l nustelbia konkurentus<\/span> Read More &raquo;<\/a><\/p>\n                                                                                                                                <\/div><!-- .elementskit-post-footer END -->\n                                                                    <\/div><!-- .elementskit-post-body END -->\n                            <\/div>\n                        <\/div>\n                    <\/div><!-- .elementskit-blog-block-post .radius .gradient-bg END -->\n                \n            <\/div>\n                    <div class=\"col-md-12\">\n\n                                    <div class=\"elementskit-blog-block-post\">\n                        <div class=\"row no-gutters\">\n                                                            <div class=\"col-md-6 order-1\">\n                                    <a href=\"https:\/\/sinaras.lt\/?p=10190\" class=\"elementskit-entry-thumb\">\n                                        <img decoding=\"async\" src=\"https:\/\/sinaras.lt\/wp-content\/uploads\/2022\/11\/bus-station-road-7375374-1024x682.jpg\" alt=\"PAPILDOMOS TRANSPORTO LENGVATOS \u2013 KAS DE\u0160IMTAM KLAIP\u0116DIE\u010cIUI\">\n                                    <\/a><!-- .elementskit-entry-thumb END -->\n                                <\/div>\n                            \n                            <div class=\"col-md-6 order-2\">\n                                <div class=\"elementskit-post-body \">\n                                    <div class=\"elementskit-entry-header\">\n                                        \n                                                                                            \t\t\t\t\t                                            \n                                            \n                                                                                            \t\t\t\t<h2 class=\"entry-title\">\n\t\t\t\t\t<a href=\"https:\/\/sinaras.lt\/?p=10190\">\n\t\t\t\t\t\tPAPILDOMOS TRANSPORTO LENGVATOS \u2013 KAS DE\u0160IMTAM KLAIP\u0116DIE\u010cIUI\t\t\t\t\t<\/a>\n\t\t\t\t<\/h2>\n\t\t\t                                                                                <\/div><!-- .elementskit-entry-header END -->\n\n                                                                            <div class=\"elementskit-post-footer\">\n                                                                                            <p>\u0160\u012f tre\u010diadien\u012f 70+ met\u0173 lengvatiniu senjoro bilietu atlikt\u0173 kelioni\u0173 skai\u010dius nuo met\u0173 prad\u017eios pasiek\u0117 2 milijon\u0173 kelioni\u0173 \u017eym\u0105. Klaip\u0117dos miesto taryba yra nusta\u010diusi papildomas, \u0161alies \u012fstatymais nenumatytas lengvatas 3 vie\u0161ojo transporto keleivi\u0173 kategorijoms. Visos trys lengvatos turi ai\u0161k\u0173&nbsp; socialin\u012f turin\u012f. Pirmoji lengvata \u2013 senjorams &nbsp;iki 70 met\u0173, patvirtinta 2016 metais. Miesto taryba atsi\u017evelg\u0117 \u012f tai, &hellip;<\/p>\n<p class=\"read-more\"> <a class=\"\" href=\"https:\/\/sinaras.lt\/?p=10190\"> <span class=\"screen-reader-text\">PAPILDOMOS TRANSPORTO LENGVATOS \u2013 KAS DE\u0160IMTAM KLAIP\u0116DIE\u010cIUI<\/span> Read More &raquo;<\/a><\/p>\n                                                                                                                                <\/div><!-- .elementskit-post-footer END -->\n                                                                    <\/div><!-- .elementskit-post-body END -->\n                            <\/div>\n                        <\/div>\n                    <\/div><!-- .elementskit-blog-block-post .radius .gradient-bg END -->\n                \n            <\/div>\n                <\/div>\n       <\/div>\t\t<\/div>\n\t\t\t\t<\/div>\n\t\t\t\t\t<\/div>\n\t\t<\/div>\n\t\t\t\t\t\t\t<\/div>\n\t\t<\/section>\n\t\t\t\t\t\t\t<\/div>\n\t\t","protected":false},"excerpt":{"rendered":"<p>Neoplan V\u0117l nustelbia konkurentus Vokietijos gamintoj\u0173 &#8222;Neoplan Cityliner Platin&#8221; \u2013 geriausias 2022 m. autobusas. Taip nusprend\u0117 tarptautin\u0117 22 ekspert\u0173 komisija. Copy video urlPlay \/ PauseMute \/ UnmuteReport a problemLa\u0160ie rinkimai rengiami nuo 1990-\u0173j\u0173. &#8222;Neoplan Cityliner Platin&#8221; pakartojo savo pirmtak\u0173 s\u0117km\u0119: pat\u012f pirm\u0105 konkurs\u0105 laim\u0117jo &#8222;Neoplan Metroliner&#8221;, 1995-aisiais \u2013 &#8222;Neoplan Metroshuttle N 4114&#8221;, 2000-aisiais \u2013 &#8222;Neoplan &hellip;<\/p>\n<p class=\"read-more\"> <a class=\"\" href=\"https:\/\/sinaras.lt\/?p=10190\"> <span class=\"screen-reader-text\">PAPILDOMOS TRANSPORTO LENGVATOS \u2013 KAS DE\u0160IMTAM KLAIP\u0116DIE\u010cIUI<\/span> Read More &raquo;<\/a><\/p>\n","protected":false},"author":1,"featured_media":0,"parent":0,"menu_order":0,"comment_status":"closed","ping_status":"closed","template":"","meta":{"om_disable_all_campaigns":false,"site-sidebar-layout":"no-sidebar","site-content-layout":"page-builder","ast-global-header-display":"","ast-main-header-display":"","ast-hfb-above-header-display":"","ast-hfb-below-header-display":"","ast-hfb-mobile-header-display":"","site-post-title":"disabled","ast-breadcrumbs-content":"","ast-featured-img":"disabled","footer-sml-layout":"","theme-transparent-header-meta":"","adv-header-id-meta":"","stick-header-meta":"","header-above-stick-meta":"","header-main-stick-meta":"","header-below-stick-meta":"","footnotes":""},"class_list":["post-10197","page","type-page","status-publish","hentry"],"aioseo_notices":[],"_links":{"self":[{"href":"https:\/\/sinaras.lt\/index.php?rest_route=\/wp\/v2\/pages\/10197","targetHints":{"allow":["GET"]}}],"collection":[{"href":"https:\/\/sinaras.lt\/index.php?rest_route=\/wp\/v2\/pages"}],"about":[{"href":"https:\/\/sinaras.lt\/index.php?rest_route=\/wp\/v2\/types\/page"}],"author":[{"embeddable":true,"href":"https:\/\/sinaras.lt\/index.php?rest_route=\/wp\/v2\/users\/1"}],"replies":[{"embeddable":true,"href":"https:\/\/sinaras.lt\/index.php?rest_route=%2Fwp%2Fv2%2Fcomments&post=10197"}],"version-history":[{"count":4,"href":"https:\/\/sinaras.lt\/index.php?rest_route=\/wp\/v2\/pages\/10197\/revisions"}],"predecessor-version":[{"id":10201,"href":"https:\/\/sinaras.lt\/index.php?rest_route=\/wp\/v2\/pages\/10197\/revisions\/10201"}],"wp:attachment":[{"href":"https:\/\/sinaras.lt\/index.php?rest_route=%2Fwp%2Fv2%2Fmedia&parent=10197"}],"curies":[{"name":"wp","href":"https:\/\/api.w.org\/{rel}","templated":true}]}}