{"id":10145,"date":"2022-11-22T15:37:38","date_gmt":"2022-11-22T15:37:38","guid":{"rendered":"https:\/\/sinaras.lt\/?page_id=10145"},"modified":"2023-10-10T15:04:25","modified_gmt":"2023-10-10T15:04:25","slug":"es-parama","status":"publish","type":"page","link":"https:\/\/sinaras.lt\/?page_id=10145","title":{"rendered":"ES parama"},"content":{"rendered":"\n<figure class=\"wp-block-image size-full\"><img loading=\"lazy\" decoding=\"async\" width=\"667\" height=\"140\" src=\"https:\/\/sinaras.lt\/wp-content\/uploads\/2023\/10\/ES.jpg\" alt=\"\" class=\"wp-image-10290\" srcset=\"https:\/\/sinaras.lt\/wp-content\/uploads\/2023\/10\/ES.jpg 667w, https:\/\/sinaras.lt\/wp-content\/uploads\/2023\/10\/ES-300x63.jpg 300w, https:\/\/sinaras.lt\/wp-content\/uploads\/2023\/10\/ES-460x97.jpg 460w, https:\/\/sinaras.lt\/wp-content\/uploads\/2023\/10\/ES-600x126.jpg 600w\" sizes=\"auto, (max-width: 667px) 100vw, 667px\" \/><\/figure>\n\n\n\n<p>UAB \u201eSinaras\u201c nuo 2023 m. liepos m\u0117n. \u012fgyvendina projekt\u0105, kurio tikslas yra skatinti greitesn\u012f \u012fmon\u0117s atsigavim\u0105 po ekonominio nuosmukio, u\u017etikrinti \u012fmon\u0117s finansin\u0119 pusiausvyr\u0105. Projekto metu bus \u012fsigyta antikrizinio veiklos valdymo paslauga. \u012egyvendinus \u0161i\u0105 veikl\u0105 bus parengtas antikrizinio veiklos valdymo planas. Veikla finansuojama <strong>Europos regionin\u0117s pl\u0117tros fondo (ERPF)<\/strong> l\u0117\u0161omis, finansuojamas vie\u0161asis ir privatus sektorius visuose ES regionuose.<\/p>\n\n\n\n<p><strong>Projekto pavadinimas:<\/strong> \u201eAtsigavimas po ekonominio nuosmukio\u201c<\/p>\n\n\n\n<p><strong>Projekto vykdytojas:<\/strong> UAB \u201eSinaras\u201c<\/p>\n\n\n\n<p><strong>Projekto vert\u0117:<\/strong> 20.000 Eur<\/p>\n\n\n\n<p><strong>Skirta parama:<\/strong> 10.000 Eur.<\/p>\n\n\n\n<p><strong>Projekto \u012fgyvendinimo prad\u017eia:<\/strong> 2023 m. liepos 11 d.<\/p>\n\n\n\n<p><strong>Numatoma projekto \u012fgyvendinimo pabaiga:<\/strong> 2024 m. liepos 8 d.<\/p>\n\n\n\n<figure class=\"wp-block-image size-full\"><img loading=\"lazy\" decoding=\"async\" width=\"464\" height=\"233\" src=\"https:\/\/sinaras.lt\/wp-content\/uploads\/2022\/11\/EU.png\" alt=\"\" class=\"wp-image-10146\" srcset=\"https:\/\/sinaras.lt\/wp-content\/uploads\/2022\/11\/EU.png 464w, https:\/\/sinaras.lt\/wp-content\/uploads\/2022\/11\/EU-300x151.png 300w, https:\/\/sinaras.lt\/wp-content\/uploads\/2022\/11\/EU-460x231.png 460w\" sizes=\"auto, (max-width: 464px) 100vw, 464px\" \/><\/figure>\n\n\n\n<p>Projekto tikslas- informacini\u0173 technologij\u0173 verslo sandoriams valdyti elektroniniu b\u016bdu diegimas, siekiant padidinti pajam\u0173 augim\u0105.<\/p>\n\n\n\n<p>Projekto biud\u017eetas&nbsp; 52 947,5 EUR, skirtas finansavimas 39&nbsp;710,62 EUR<\/p>\n\n\n\n<p>Finansuojama i\u0161 Europos regionin\u0117s pl\u0117tros fondo, kaip Europos S\u0105jungos atsako \u012f COVID-19 pandemij\u0105 priemon\u0117<\/p>\n\n\n\n<p>Projekto \u012fgyvendinimo laikotarpis: 2022-02 iki 2022-11<\/p>\n\n\n\n<p>UAB Sinaras, transporto paslaugos<\/p>\n\n\n\n<p><\/p>\n","protected":false},"excerpt":{"rendered":"<p>UAB \u201eSinaras\u201c nuo 2023 m. liepos m\u0117n. \u012fgyvendina projekt\u0105, kurio tikslas yra skatinti greitesn\u012f \u012fmon\u0117s atsigavim\u0105 po ekonominio nuosmukio, u\u017etikrinti \u012fmon\u0117s finansin\u0119 pusiausvyr\u0105. Projekto metu bus \u012fsigyta antikrizinio veiklos valdymo paslauga. \u012egyvendinus \u0161i\u0105 veikl\u0105 bus parengtas antikrizinio veiklos valdymo planas. Veikla finansuojama Europos regionin\u0117s pl\u0117tros fondo (ERPF) l\u0117\u0161omis, finansuojamas vie\u0161asis ir privatus sektorius visuose ES &hellip;<\/p>\n<p class=\"read-more\"> <a class=\"\" href=\"https:\/\/sinaras.lt\/?page_id=10145\"> <span class=\"screen-reader-text\">ES parama<\/span> Read More &raquo;<\/a><\/p>\n","protected":false},"author":1,"featured_media":0,"parent":0,"menu_order":0,"comment_status":"closed","ping_status":"closed","template":"","meta":{"om_disable_all_campaigns":false,"site-sidebar-layout":"default","site-content-layout":"default","ast-global-header-display":"","ast-main-header-display":"","ast-hfb-above-header-display":"","ast-hfb-below-header-display":"","ast-hfb-mobile-header-display":"","site-post-title":"","ast-breadcrumbs-content":"","ast-featured-img":"","footer-sml-layout":"","theme-transparent-header-meta":"","adv-header-id-meta":"","stick-header-meta":"","header-above-stick-meta":"","header-main-stick-meta":"","header-below-stick-meta":"","footnotes":""},"class_list":["post-10145","page","type-page","status-publish","hentry"],"aioseo_notices":[],"_links":{"self":[{"href":"https:\/\/sinaras.lt\/index.php?rest_route=\/wp\/v2\/pages\/10145","targetHints":{"allow":["GET"]}}],"collection":[{"href":"https:\/\/sinaras.lt\/index.php?rest_route=\/wp\/v2\/pages"}],"about":[{"href":"https:\/\/sinaras.lt\/index.php?rest_route=\/wp\/v2\/types\/page"}],"author":[{"embeddable":true,"href":"https:\/\/sinaras.lt\/index.php?rest_route=\/wp\/v2\/users\/1"}],"replies":[{"embeddable":true,"href":"https:\/\/sinaras.lt\/index.php?rest_route=%2Fwp%2Fv2%2Fcomments&post=10145"}],"version-history":[{"count":5,"href":"https:\/\/sinaras.lt\/index.php?rest_route=\/wp\/v2\/pages\/10145\/revisions"}],"predecessor-version":[{"id":10291,"href":"https:\/\/sinaras.lt\/index.php?rest_route=\/wp\/v2\/pages\/10145\/revisions\/10291"}],"wp:attachment":[{"href":"https:\/\/sinaras.lt\/index.php?rest_route=%2Fwp%2Fv2%2Fmedia&parent=10145"}],"curies":[{"name":"wp","href":"https:\/\/api.w.org\/{rel}","templated":true}]}}